{"id":15,"date":"2020-10-21T07:22:06","date_gmt":"2020-10-21T07:22:06","guid":{"rendered":"https:\/\/gademode.dk\/?page_id=15"},"modified":"2020-10-21T07:22:06","modified_gmt":"2020-10-21T07:22:06","slug":"hvorfor-kan-man-ikke-kommentere","status":"publish","type":"page","link":"http:\/\/gademode.dk\/?page_id=15","title":{"rendered":"Hvorfor kan man ikke kommentere?"},"content":{"rendered":"\n<p>Jeg tror engang der var en god intention bag, n\u00e5r vi lavede hjemmesider hvor man som l\u00e6ser kunne kommentere og bidrage. Jeg husker selv at have et oprigtigt \u00f8nske om at vi kunne m\u00f8des og v\u00e6re n\u00f8rder ? om hvad som helst, i f\u00e6llesskab p\u00e5 tv\u00e6rs af kloden. Det tror jeg virkelig inderligt p\u00e5.<\/p>\n\n\n\n<p>Men ak, \u201cengagement\u201d er blevet et begreb som i virkeligheden bare d\u00e6kker over en designet mekanik som har til hovedform\u00e5l at skabe en psykologisk afh\u00e6ngighed. At udnytte vores svage sider og lokke os ind i et rum hvor der kan opst\u00e5 splid og konflikt ? fordi vi ved at n\u00e5r en person f\u00f8ler sig angrebet s\u00e5 g\u00e5r de i forsvar. Og n\u00e5r to personer strides tiltr\u00e6kker det flere som s\u00e5 m\u00e5 v\u00e6lge side. Og s\u00e5 kan slaget udk\u00e6mpes i kommentarfeltet. Og som brugere bliver vi ved med at vende tilbage igen og igen og igen.<\/p>\n\n\n\n<p>\u201cEngagement\u201d = flere klik = flere visninger = flere reklamer = flere ???<\/p>\n\n\n\n<p>Hvis du har noget p\u00e5 hjerte \u2764\ufe0f s\u00e5 er du altid velkommen til at skrive direkte til mig. Helst p\u00e5 sms 22212355. <\/p>\n","protected":false},"excerpt":{"rendered":"<p>Jeg tror engang der var en god intention bag, n\u00e5r vi lavede hjemmesider hvor man som l\u00e6ser kunne kommentere og bidrage. Jeg husker selv at have et oprigtigt \u00f8nske om at vi kunne m\u00f8des og v\u00e6re n\u00f8rder ? om hvad som helst, i f\u00e6llesskab p\u00e5 tv\u00e6rs af kloden. Det tror jeg virkelig inderligt p\u00e5. Men [&hellip;]<\/p>\n","protected":false},"author":1,"featured_media":0,"parent":0,"menu_order":0,"comment_status":"closed","ping_status":"closed","template":"","meta":{"spay_email":""},"_links":{"self":[{"href":"http:\/\/gademode.dk\/index.php?rest_route=\/wp\/v2\/pages\/15"}],"collection":[{"href":"http:\/\/gademode.dk\/index.php?rest_route=\/wp\/v2\/pages"}],"about":[{"href":"http:\/\/gademode.dk\/index.php?rest_route=\/wp\/v2\/types\/page"}],"author":[{"embeddable":true,"href":"http:\/\/gademode.dk\/index.php?rest_route=\/wp\/v2\/users\/1"}],"replies":[{"embeddable":true,"href":"http:\/\/gademode.dk\/index.php?rest_route=%2Fwp%2Fv2%2Fcomments&post=15"}],"version-history":[{"count":0,"href":"http:\/\/gademode.dk\/index.php?rest_route=\/wp\/v2\/pages\/15\/revisions"}],"wp:attachment":[{"href":"http:\/\/gademode.dk\/index.php?rest_route=%2Fwp%2Fv2%2Fmedia&parent=15"}],"curies":[{"name":"wp","href":"https:\/\/api.w.org\/{rel}","templated":true}]}}