{"id":2,"date":"2020-10-14T08:48:39","date_gmt":"2020-10-14T08:48:39","guid":{"rendered":"http:\/?page_id=2"},"modified":"2020-10-21T07:53:36","modified_gmt":"2020-10-21T07:53:36","slug":"sample-page","status":"publish","type":"page","link":"http:\/\/gademode.dk\/?page_id=2","title":{"rendered":"Hvorfor GadeMode?"},"content":{"rendered":"\n<p>Hej ?? jeg hedder Mathias. Fra 2006-2010 drev jeg GadeMode.dk sammen med min veninde Helle ??\u200d\u2640\ufe0f og et team af dygtige frivillige fotografer ?. Hjemmesiden har v\u00e6ret lukket ned i 10 \u00e5r mens jeg har boet i New York ?. I februar 2020 er jeg flyttet til K\u00f8benhavn og m\u00e5 tilst\u00e5 at jeg er i lidt af en livskrise som ogs\u00e5 udm\u00f8nter sig i en mere konkret stilkrise ??\u200d\u2642\ufe0f. Jeg s\u00f8ger ny inspiration efter et liv i sort ? t\u00f8j. Derfor har jeg igen f\u00e5et lyst til at dokumentere mennesker p\u00e5 gaden  i Danmark. <\/p>\n\n\n\n<p>Jeg \u00f8nsker ikke at v\u00e6re smagsdommer eller at sige at noget er rigtigt ?? eller forkert. Jeg s\u00f8ger bare inspiration for mig selv og vil dele detaljer, materialer og hvad der ellers fanger mit \u00f8je. ?<\/p>\n\n\n\n<p>Derfor kan du heller <a href=\"https:\/\/gademode.dk\/?page_id=15\" data-type=\"page\" data-id=\"15\">ikke kommentere p\u00e5 billederne<\/a>. Men du m\u00e5 da gerne skrive til mig hvis du ser noget her p\u00e5 siden som du ogs\u00e5 synes er fedt. Send mig en sms p\u00e5 22212355. <\/p>\n","protected":false},"excerpt":{"rendered":"<p>Hej ?? jeg hedder Mathias. Fra 2006-2010 drev jeg GadeMode.dk sammen med min veninde Helle ??\u200d\u2640\ufe0f og et team af dygtige frivillige fotografer ?. Hjemmesiden har v\u00e6ret lukket ned i 10 \u00e5r mens jeg har boet i New York ?. I februar 2020 er jeg flyttet til K\u00f8benhavn og m\u00e5 tilst\u00e5 at jeg er i [&hellip;]<\/p>\n","protected":false},"author":1,"featured_media":0,"parent":0,"menu_order":0,"comment_status":"closed","ping_status":"open","template":"","meta":{"spay_email":""},"_links":{"self":[{"href":"http:\/\/gademode.dk\/index.php?rest_route=\/wp\/v2\/pages\/2"}],"collection":[{"href":"http:\/\/gademode.dk\/index.php?rest_route=\/wp\/v2\/pages"}],"about":[{"href":"http:\/\/gademode.dk\/index.php?rest_route=\/wp\/v2\/types\/page"}],"author":[{"embeddable":true,"href":"http:\/\/gademode.dk\/index.php?rest_route=\/wp\/v2\/users\/1"}],"replies":[{"embeddable":true,"href":"http:\/\/gademode.dk\/index.php?rest_route=%2Fwp%2Fv2%2Fcomments&post=2"}],"version-history":[{"count":4,"href":"http:\/\/gademode.dk\/index.php?rest_route=\/wp\/v2\/pages\/2\/revisions"}],"predecessor-version":[{"id":29,"href":"http:\/\/gademode.dk\/index.php?rest_route=\/wp\/v2\/pages\/2\/revisions\/29"}],"wp:attachment":[{"href":"http:\/\/gademode.dk\/index.php?rest_route=%2Fwp%2Fv2%2Fmedia&parent=2"}],"curies":[{"name":"wp","href":"https:\/\/api.w.org\/{rel}","templated":true}]}}